{"id":107,"date":"2013-05-15T16:25:18","date_gmt":"2013-05-15T14:25:18","guid":{"rendered":"http:\/\/bsquare-consulting.net\/site\/?page_id=107"},"modified":"2013-07-04T14:56:12","modified_gmt":"2013-07-04T12:56:12","slug":"services","status":"publish","type":"page","link":"http:\/\/bsquare-consulting.bertrand-benoit.net\/site\/services\/","title":{"rendered":"Services"},"content":{"rendered":"<p>Fort d&rsquo;une riche exp\u00e9rience dans le domaine de l&rsquo;informatique, nous proposons des services dans diff\u00e9rents domaines :<\/p>\n<ul>\n<li>Analyse, conception, d\u00e9veloppement et maintenance de <a title=\"Logiciel\" href=\"\/site\/services\/logiciel\/\">Logiciels<\/a> : analyse et correction d&rsquo;un probl\u00e8me de performance, ajout d&rsquo;une nouvelle fonctionnalit\u00e9, correction d&rsquo;un dysfonctionnements (bugs), remise \u00e0 niveau &#8230;<\/li>\n<li>Conseil, conception et d\u00e9veloppement de <a title=\"Web Service\" href=\"\/site\/services\/web-services\/\">Web Service<\/a> pour fournir une plus grande exp\u00e9rience \u00e0 vos utilisateurs dans un univers Web en constante \u00e9volution<\/li>\n<li>Cr\u00e9ation et Maintenance de <a title=\"Cr\u00e9ation et Maintenance de Site Web\" href=\"\/site\/services\/site-web\/\">Site Web<\/a> : conception int\u00e9grale d&rsquo;un site dynamique, optimisation du r\u00e9f\u00e9rencement naturel, mise en conformit\u00e9 aux standards W3C, th\u00e8me pour Smartphone et Tablette &#8230;<\/li>\n<li>\u00c9laboration de <a title=\"Scripts\" href=\"\/site\/services\/scripts\/\">Scripts<\/a> et d&rsquo;expressions r\u00e9guli\u00e8res pour r\u00e9pondre \u00e0 de nombreux besoins : backup, automatisation, recherche d\u2019information, extraction\/manipulation\/conversion de donn\u00e9es &#8230;<\/li>\n<li>Apr\u00e8s \u00e9tude de vos besoins, nous pouvons vous apporter du <span style=\"color: #D7C984;\">Conseil<\/span> dans le choix :\n<ul>\n<li>de votre infrastructure logicielle (configuration logicielle, r\u00e9seau, pare-feu, machine &#8230;), quelque soit le nombre de machines connect\u00e9es en r\u00e9seau, afin d&rsquo;optimiser vos ressources ou la s\u00e9curit\u00e9<\/li>\n<li>de logiciel (tout particuli\u00e8rement sous GNU\/Linux ou Unix) pour adapter vos machines \u00e0 vos besoins (et non pas le contraire)<\/li>\n<li>de votre mat\u00e9riel informatique (mod\u00e8le, marque, prix, fournisseur &#8230;), pour monter de nouvelles machines ou r\u00e9nover vos machines existantes<\/li>\n<\/ul>\n<\/li>\n<li>Administration syst\u00e8me de vos machines (y compris sur des serveurs d\u00e9di\u00e9s ou technologie Cloud, chez <a href=\"http:\/\/www.gandi.net\/\">Gandi<\/a> ou <a href=\"http:\/\/www.ovh.com\/\">OVH<\/a>) : installation, configuration, administration, s\u00e9curit\u00e9, mise \u00e0 jour, analyse de probl\u00e8mes de performance &#8230;<\/li>\n<\/ul>\n<p>Nous proposons \u00e9galement aux particuliers et professionnels de Meurthe-et-Moselle (autour de Toul ou de Nancy) des prestations mat\u00e9rielles :\u00a0<a title=\"D\u00e9pannage ou Maintenance de votre mat\u00e9riel informatique\" href=\"\/site\/services\/depannage\/\">D\u00e9pannage et\u00a0Maintenance<\/a>.<\/p>\n","protected":false},"excerpt":{"rendered":"<p>Fort d&rsquo;une riche exp\u00e9rience dans le domaine de l&rsquo;informatique, nous proposons des services dans diff\u00e9rents domaines : Analyse, conception, d\u00e9veloppement et maintenance de Logiciels : analyse et correction d&rsquo;un probl\u00e8me de performance, ajout d&rsquo;une nouvelle fonctionnalit\u00e9, correction d&rsquo;un dysfonctionnements (bugs), remise \u00e0 niveau &#8230; Conseil, conception et d\u00e9veloppement de Web Service pour fournir une plus [&hellip;]<\/p>\n","protected":false},"author":1,"featured_media":0,"parent":0,"menu_order":2,"comment_status":"closed","ping_status":"closed","template":"","meta":[],"_links":{"self":[{"href":"http:\/\/bsquare-consulting.bertrand-benoit.net\/site\/wp-json\/wp\/v2\/pages\/107"}],"collection":[{"href":"http:\/\/bsquare-consulting.bertrand-benoit.net\/site\/wp-json\/wp\/v2\/pages"}],"about":[{"href":"http:\/\/bsquare-consulting.bertrand-benoit.net\/site\/wp-json\/wp\/v2\/types\/page"}],"author":[{"embeddable":true,"href":"http:\/\/bsquare-consulting.bertrand-benoit.net\/site\/wp-json\/wp\/v2\/users\/1"}],"replies":[{"embeddable":true,"href":"http:\/\/bsquare-consulting.bertrand-benoit.net\/site\/wp-json\/wp\/v2\/comments?post=107"}],"version-history":[{"count":6,"href":"http:\/\/bsquare-consulting.bertrand-benoit.net\/site\/wp-json\/wp\/v2\/pages\/107\/revisions"}],"predecessor-version":[{"id":155,"href":"http:\/\/bsquare-consulting.bertrand-benoit.net\/site\/wp-json\/wp\/v2\/pages\/107\/revisions\/155"}],"wp:attachment":[{"href":"http:\/\/bsquare-consulting.bertrand-benoit.net\/site\/wp-json\/wp\/v2\/media?parent=107"}],"curies":[{"name":"wp","href":"https:\/\/api.w.org\/{rel}","templated":true}]}}