{"id":25,"date":"2012-08-23T22:50:00","date_gmt":"2012-08-23T20:50:00","guid":{"rendered":"http:\/\/localhost\/bc\/?page_id=25"},"modified":"2013-05-15T16:34:01","modified_gmt":"2013-05-15T14:34:01","slug":"depannage","status":"publish","type":"page","link":"http:\/\/bsquare-consulting.bertrand-benoit.net\/site\/services\/depannage\/","title":{"rendered":"D\u00e9pannage"},"content":{"rendered":"<p>Adress\u00e9 principalement aux particuliers (autour de Toul et Nancy), nous pouvons d\u00e9panner vos machines (probl\u00e8mes logiciels ou mat\u00e9riels).<\/p>\n<p>&nbsp;<\/p>\n<p>Nous pouvons \u00e9galement r\u00e9aliser la maintenance de vos machines :<\/p>\n<ul>\n<li>mise \u00e0 jour de composant informatique (processeur [CPU], m\u00e9moire, carte m\u00e8re, carte graphique, carte son, carte r\u00e9seau, carte Wifi &#8230;)<\/li>\n<li>mise \u00e0 jour logiciel, mise \u00e0 jour de pilotes<\/li>\n<li>configuration<\/li>\n<li>r\u00e9seau, pare-feu<\/li>\n<\/ul>\n<p>Selon vos besoins, nous pouvons \u00e9galement vous accompagner dans le choix de composants informatiques, puis sur leur installation (pour monter tout ou partie d&rsquo;une nouvelle machine, ou pour mettre \u00e0 jour votre machine existante).<\/p>\n","protected":false},"excerpt":{"rendered":"<p>Adress\u00e9 principalement aux particuliers (autour de Toul et Nancy), nous pouvons d\u00e9panner vos machines (probl\u00e8mes logiciels ou mat\u00e9riels). &nbsp; Nous pouvons \u00e9galement r\u00e9aliser la maintenance de vos machines : mise \u00e0 jour de composant informatique (processeur [CPU], m\u00e9moire, carte m\u00e8re, carte graphique, carte son, carte r\u00e9seau, carte Wifi &#8230;) mise \u00e0 jour logiciel, mise \u00e0 [&hellip;]<\/p>\n","protected":false},"author":1,"featured_media":0,"parent":107,"menu_order":9,"comment_status":"closed","ping_status":"closed","template":"","meta":[],"_links":{"self":[{"href":"http:\/\/bsquare-consulting.bertrand-benoit.net\/site\/wp-json\/wp\/v2\/pages\/25"}],"collection":[{"href":"http:\/\/bsquare-consulting.bertrand-benoit.net\/site\/wp-json\/wp\/v2\/pages"}],"about":[{"href":"http:\/\/bsquare-consulting.bertrand-benoit.net\/site\/wp-json\/wp\/v2\/types\/page"}],"author":[{"embeddable":true,"href":"http:\/\/bsquare-consulting.bertrand-benoit.net\/site\/wp-json\/wp\/v2\/users\/1"}],"replies":[{"embeddable":true,"href":"http:\/\/bsquare-consulting.bertrand-benoit.net\/site\/wp-json\/wp\/v2\/comments?post=25"}],"version-history":[{"count":5,"href":"http:\/\/bsquare-consulting.bertrand-benoit.net\/site\/wp-json\/wp\/v2\/pages\/25\/revisions"}],"predecessor-version":[{"id":133,"href":"http:\/\/bsquare-consulting.bertrand-benoit.net\/site\/wp-json\/wp\/v2\/pages\/25\/revisions\/133"}],"up":[{"embeddable":true,"href":"http:\/\/bsquare-consulting.bertrand-benoit.net\/site\/wp-json\/wp\/v2\/pages\/107"}],"wp:attachment":[{"href":"http:\/\/bsquare-consulting.bertrand-benoit.net\/site\/wp-json\/wp\/v2\/media?parent=25"}],"curies":[{"name":"wp","href":"https:\/\/api.w.org\/{rel}","templated":true}]}}